{"id":34,"date":"2019-06-03T17:57:35","date_gmt":"2019-06-03T15:57:35","guid":{"rendered":"http:\/\/campus.meidling.vhs.at\/php34\/wordpress\/?page_id=34"},"modified":"2020-06-10T15:45:59","modified_gmt":"2020-06-10T13:45:59","slug":"startseite","status":"publish","type":"page","link":"https:\/\/www.diefriseurin.info\/","title":{"rendered":"Startseite"},"content":{"rendered":"<div id=\"pl-gb34-69f301570d25f\"  class=\"panel-layout\" ><div id=\"pg-gb34-69f301570d25f-0\"  class=\"panel-grid panel-has-style\" ><div style=\"padding: 100px 0; \" data-overlay=\"true\" data-overlay-color=\"#000000\" class=\"panel-row-style panel-row-style-for-gb34-69f301570d25f-0\" ><div id=\"pgc-gb34-69f301570d25f-0-0\"  class=\"panel-grid-cell\" ><div id=\"panel-gb34-69f301570d25f-0-0-0\" class=\"so-panel widget widget_black-studio-tinymce widget_black_studio_tinymce panel-first-child\" data-index=\"0\" ><div style=\"text-align: left;\" data-title-color=\"#443f3f\" data-headings-color=\"#443f3f\" class=\"panel-widget-style panel-widget-style-for-gb34-69f301570d25f-0-0-0\" ><div class=\"textwidget\"><p><img loading=\"lazy\" class=\"alignnone  wp-image-91 aligncenter\" src=\"http:\/\/campus.meidling.vhs.at\/php34\/wordpress\/wp-content\/uploads\/2019\/06\/LogoMakr_6gDH6m.png\" alt=\"\" width=\"150\" height=\"150\" srcset=\"https:\/\/www.diefriseurin.info\/wp-content\/uploads\/2019\/06\/LogoMakr_6gDH6m.png 400w, https:\/\/www.diefriseurin.info\/wp-content\/uploads\/2019\/06\/LogoMakr_6gDH6m-150x150.png 150w, https:\/\/www.diefriseurin.info\/wp-content\/uploads\/2019\/06\/LogoMakr_6gDH6m-300x300.png 300w, https:\/\/www.diefriseurin.info\/wp-content\/uploads\/2019\/06\/LogoMakr_6gDH6m-230x230.png 230w, https:\/\/www.diefriseurin.info\/wp-content\/uploads\/2019\/06\/LogoMakr_6gDH6m-350x350.png 350w\" sizes=\"(max-width: 150px) 100vw, 150px\" \/><\/p>\n<h3 style=\"text-align: center;\">Herren<\/h3>\n<p style=\"text-align: center;\">Schneiden, Waschen, F\u00e4rben, Rasieren, Augenbrauen, Stylen<\/p>\n<\/div><\/div><\/div><div id=\"panel-gb34-69f301570d25f-0-0-1\" class=\"so-panel widget widget_sow-button panel-last-child\" data-index=\"1\" ><div style=\"text-align: left;\" data-title-color=\"#443f3f\" data-headings-color=\"#443f3f\" class=\"panel-widget-style panel-widget-style-for-gb34-69f301570d25f-0-0-1\" ><div\n\t\t\t\n\t\t\tclass=\"so-widget-sow-button so-widget-sow-button-wire-ebaaa569880a-34\"\n\t\t\t\n\t\t><div class=\"ow-button-base ow-button-align-center\">\n\t<a href=\"http:\/\/diefriseurin.info\/?page_id=40\" class=\"ow-icon-placement-left ow-button-hover\" \t\t>\n\t\t<span>\n\t\t\t\n\t\t\tErfahre Mehr!\t\t<\/span>\n\t<\/a>\n<\/div>\n<\/div><\/div><\/div><\/div><div id=\"pgc-gb34-69f301570d25f-0-1\"  class=\"panel-grid-cell\" ><div id=\"panel-gb34-69f301570d25f-0-1-0\" class=\"so-panel widget widget_black-studio-tinymce widget_black_studio_tinymce panel-first-child\" data-index=\"2\" ><div style=\"text-align: left;\" data-title-color=\"#443f3f\" data-headings-color=\"#443f3f\" class=\"panel-widget-style panel-widget-style-for-gb34-69f301570d25f-0-1-0\" ><div class=\"textwidget\"><p><img loading=\"lazy\" class=\"alignnone wp-image-83  aligncenter\" src=\"http:\/\/campus.meidling.vhs.at\/php34\/wordpress\/wp-content\/uploads\/2019\/06\/LogoMakr_7C41Dz.png\" alt=\"\" width=\"145\" height=\"149\" srcset=\"https:\/\/www.diefriseurin.info\/wp-content\/uploads\/2019\/06\/LogoMakr_7C41Dz.png 390w, https:\/\/www.diefriseurin.info\/wp-content\/uploads\/2019\/06\/LogoMakr_7C41Dz-292x300.png 292w, https:\/\/www.diefriseurin.info\/wp-content\/uploads\/2019\/06\/LogoMakr_7C41Dz-230x236.png 230w, https:\/\/www.diefriseurin.info\/wp-content\/uploads\/2019\/06\/LogoMakr_7C41Dz-350x360.png 350w\" sizes=\"(max-width: 145px) 100vw, 145px\" \/><\/p>\n<h3 style=\"text-align: center;\">Damen<\/h3>\n<p style=\"text-align: center;\">Schneiden, Waschen, F\u00f6hnen, F\u00e4rben, Augenbrauen, Wimpern uvm.<\/p>\n<\/div><\/div><\/div><div id=\"panel-gb34-69f301570d25f-0-1-1\" class=\"so-panel widget widget_sow-button panel-last-child\" data-index=\"3\" ><div style=\"text-align: left;\" data-title-color=\"#443f3f\" data-headings-color=\"#443f3f\" class=\"panel-widget-style panel-widget-style-for-gb34-69f301570d25f-0-1-1\" ><div\n\t\t\t\n\t\t\tclass=\"so-widget-sow-button so-widget-sow-button-wire-ebaaa569880a-34\"\n\t\t\t\n\t\t><div class=\"ow-button-base ow-button-align-center\">\n\t<a href=\"http:\/\/diefriseurin.info\/?page_id=40\" class=\"ow-icon-placement-left ow-button-hover\" \t\t>\n\t\t<span>\n\t\t\t\n\t\t\tErfahre Mehr!\t\t<\/span>\n\t<\/a>\n<\/div>\n<\/div><\/div><\/div><\/div><div id=\"pgc-gb34-69f301570d25f-0-2\"  class=\"panel-grid-cell\" ><div id=\"panel-gb34-69f301570d25f-0-2-0\" class=\"so-panel widget widget_black-studio-tinymce widget_black_studio_tinymce panel-first-child\" data-index=\"4\" ><div style=\"text-align: left;\" data-title-color=\"#443f3f\" data-headings-color=\"#443f3f\" class=\"panel-widget-style panel-widget-style-for-gb34-69f301570d25f-0-2-0\" ><div class=\"textwidget\"><p><img loading=\"lazy\" class=\"alignnone wp-image-85  aligncenter\" src=\"http:\/\/campus.meidling.vhs.at\/php34\/wordpress\/wp-content\/uploads\/2019\/06\/LogoMakr_6nevpI-236x300.png\" alt=\"\" width=\"118\" height=\"150\" srcset=\"https:\/\/www.diefriseurin.info\/wp-content\/uploads\/2019\/06\/LogoMakr_6nevpI-236x300.png 236w, https:\/\/www.diefriseurin.info\/wp-content\/uploads\/2019\/06\/LogoMakr_6nevpI.png 314w, https:\/\/www.diefriseurin.info\/wp-content\/uploads\/2019\/06\/LogoMakr_6nevpI-230x293.png 230w\" sizes=\"(max-width: 118px) 100vw, 118px\" \/><\/p>\n<h3 style=\"text-align: center;\">Kinder<\/h3>\n<p style=\"text-align: center;\">Kinderhaarschnitt, Spieleecke, B\u00fccher, Betreuung, sorgf\u00e4ltiger Umgang<\/p>\n<\/div><\/div><\/div><div id=\"panel-gb34-69f301570d25f-0-2-1\" class=\"so-panel widget widget_sow-button panel-last-child\" data-index=\"5\" ><div style=\"text-align: left;\" data-title-color=\"#443f3f\" data-headings-color=\"#443f3f\" class=\"panel-widget-style panel-widget-style-for-gb34-69f301570d25f-0-2-1\" ><div\n\t\t\t\n\t\t\tclass=\"so-widget-sow-button so-widget-sow-button-wire-ebaaa569880a-34\"\n\t\t\t\n\t\t><div class=\"ow-button-base ow-button-align-center\">\n\t<a href=\"http:\/\/diefriseurin.info\/?page_id=40\" class=\"ow-icon-placement-left ow-button-hover\" \t\t>\n\t\t<span>\n\t\t\t\n\t\t\tErfahre Mehr!\t\t<\/span>\n\t<\/a>\n<\/div>\n<\/div><\/div><\/div><\/div><\/div><\/div><div id=\"pg-gb34-69f301570d25f-1\"  class=\"panel-grid panel-has-style\" ><div class=\"siteorigin-panels-stretch panel-row-style panel-row-style-for-gb34-69f301570d25f-1\" style=\"text-align: center;padding: -20% 0; \" data-stretch-type=\"full-stretched\" data-overlay=\"true\" data-overlay-color=\"#000000\" ><div id=\"pgc-gb34-69f301570d25f-1-0\"  class=\"panel-grid-cell\" ><div id=\"panel-gb34-69f301570d25f-1-0-0\" class=\"so-panel widget widget_black-studio-tinymce widget_black_studio_tinymce panel-first-child panel-last-child\" data-index=\"6\" ><div style=\"text-align: left;\" data-title-color=\"#443f3f\" data-headings-color=\"#443f3f\" class=\"panel-widget-style panel-widget-style-for-gb34-69f301570d25f-1-0-0\" ><div class=\"textwidget\"><h3>\u00a0<\/h3>\n<h3>\u00a0<\/h3>\n<h3 style=\"text-align: center;\">Kommen Sie vorbei zur kostenlosen Beratung!<\/h3>\n<p>&nbsp;<\/p>\n<p>&nbsp;<\/p>\n<\/div><\/div><\/div><\/div><\/div><\/div><\/div>","protected":false},"excerpt":{"rendered":"<p>Herren Schneiden, Waschen, F\u00e4rben, Rasieren, Augenbrauen, Stylen Damen Schneiden, Waschen, F\u00f6hnen, F\u00e4rben, Augenbrauen, Wimpern uvm. Kinder Kinderhaarschnitt, Spieleecke, B\u00fccher, Betreuung, sorgf\u00e4ltiger Umgang \u00a0 \u00a0 Kommen Sie vorbei zur kostenlosen Beratung! &nbsp; &nbsp;<\/p>\n","protected":false},"author":1,"featured_media":0,"parent":0,"menu_order":0,"comment_status":"closed","ping_status":"closed","template":"page-templates\/page_front-page.php","meta":[],"_links":{"self":[{"href":"https:\/\/www.diefriseurin.info\/index.php?rest_route=\/wp\/v2\/pages\/34"}],"collection":[{"href":"https:\/\/www.diefriseurin.info\/index.php?rest_route=\/wp\/v2\/pages"}],"about":[{"href":"https:\/\/www.diefriseurin.info\/index.php?rest_route=\/wp\/v2\/types\/page"}],"author":[{"embeddable":true,"href":"https:\/\/www.diefriseurin.info\/index.php?rest_route=\/wp\/v2\/users\/1"}],"replies":[{"embeddable":true,"href":"https:\/\/www.diefriseurin.info\/index.php?rest_route=%2Fwp%2Fv2%2Fcomments&post=34"}],"version-history":[{"count":51,"href":"https:\/\/www.diefriseurin.info\/index.php?rest_route=\/wp\/v2\/pages\/34\/revisions"}],"predecessor-version":[{"id":391,"href":"https:\/\/www.diefriseurin.info\/index.php?rest_route=\/wp\/v2\/pages\/34\/revisions\/391"}],"wp:attachment":[{"href":"https:\/\/www.diefriseurin.info\/index.php?rest_route=%2Fwp%2Fv2%2Fmedia&parent=34"}],"curies":[{"name":"wp","href":"https:\/\/api.w.org\/{rel}","templated":true}]}}